{"id":18,"date":"2016-01-15T21:29:36","date_gmt":"2016-01-15T21:29:36","guid":{"rendered":"http:\/\/theme-fusion.com\/avada\/classic\/?page_id=18"},"modified":"2021-07-15T08:26:39","modified_gmt":"2021-07-15T08:26:39","slug":"acasa","status":"publish","type":"page","link":"https:\/\/krautz.ro\/en\/","title":{"rendered":"Acas\u0103"},"content":{"rendered":"<p><div class=\"fusion-fullwidth fullwidth-box fusion-builder-row-1 faded-background fusion-parallax-none nonhundred-percent-fullwidth non-hundred-percent-height-scrolling\" style=\"background-position: center center;background-repeat: no-repeat;background-blend-mode: difference;padding-top:72px;padding-right:0px;padding-bottom:0px;padding-left:0px;margin-bottom: 20px;margin-top: 0px;border-width: 0px 0px 0px 0px;border-color:#eae9e9;border-style:solid;-webkit-background-size:cover;-moz-background-size:cover;-o-background-size:cover;background-size:cover;\" ><div class=\"fullwidth-faded\" style=\"background-color:rgba(255,255,255,0);background-image: url(http:\/\/krautz.ro\/wp-content\/uploads\/2021\/06\/image-800x800.jpg);background-position:center center;background-repeat:no-repeat;background-blend-mode: difference;-webkit-background-size:cover;-moz-background-size:cover;-o-background-size:cover;background-size:cover;\" ><\/div><div class=\"fusion-builder-row fusion-row\"><div class=\"fusion-layout-column fusion_builder_column fusion-builder-column-0 fusion_builder_column_1_1 1_1 fusion-one-full fusion-column-first fusion-column-last fusion-column-no-min-height\" style=\"margin-top:0px;margin-bottom:0px;\"><div class=\"fusion-column-wrapper fusion-flex-column-wrapper-legacy\" style=\"background-position:left top;background-blend-mode: overlay;background-repeat:no-repeat;-webkit-background-size:cover;-moz-background-size:cover;-o-background-size:cover;background-size:cover;padding: 0px 0px 0px 0px;\"><div class=\"fusion-sep-clear\"><\/div><div class=\"fusion-separator fusion-no-small-visibility fusion-no-medium-visibility fusion-full-width-sep\" style=\"margin-left: auto;margin-right: auto;margin-top:120px;width:100%;\"><\/div><div class=\"fusion-sep-clear\"><\/div><style type=\"text\/css\"><\/style><div class=\"fusion-title title fusion-title-1 fusion-title-center fusion-title-text fusion-title-size-one\" style=\"text-shadow:5px 2px 6px #000000;;margin-top:0px;margin-bottom:30px;\"><div class=\"title-sep-container title-sep-container-left\"><div class=\"title-sep sep-double sep-dashed\" style=\"border-color:#4f4f4f;\"><\/div><\/div><h1 class=\"title-heading-center fusion-responsive-typography-calculated\" style=\"margin:0;color:#fcfcfc;--fontSize:80;line-height:1.14;\"><span data-fusion-font=\"true\" data-fusion-google-font=\"Alata\" data-fusion-google-variant=\"400\" style=\"font-family: Alata; font-weight: 400;\">Calitate f\u0103r\u0103 compromisuri<\/span><\/h1><div class=\"title-sep-container title-sep-container-right\"><div class=\"title-sep sep-double sep-dashed\" style=\"border-color:#4f4f4f;\"><\/div><\/div><\/div><div class=\"fusion-text fusion-text-1\"><p style=\"font-size: 20px; color: #a0ce4e; letter-spacing: 2px; text-align: center;\"><span style=\"font-size: 20px; letter-spacing: 2px; font-family: 'Abhaya Libre'; font-weight: 400;\" data-fusion-font=\"true\" data-fusion-google-font=\"Abhaya Libre\" data-fusion-google-variant=\"400\"><span style=\"color: rgb(211, 239, 0);\">Respect pentru cerin\u021bele <\/span><span style=\"color: rgb(211, 239, 0);\">partenerilor <\/span><span style=\"color: rgb(211, 239, 0);\">no\u0219tri \u0219i pentru proiectul arhitectural<\/span><\/span><\/p>\n<\/div><div class=\"fusion-sep-clear\"><\/div><div class=\"fusion-separator fusion-full-width-sep\" style=\"margin-left: auto;margin-right: auto;margin-top:15px;width:100%;\"><\/div><div class=\"fusion-sep-clear\"><\/div><div class=\"fusion-sep-clear\"><\/div><div class=\"fusion-separator fusion-no-medium-visibility fusion-no-large-visibility fusion-full-width-sep\" style=\"margin-left: auto;margin-right: auto;margin-top:40px;width:100%;\"><\/div><div class=\"fusion-sep-clear\"><\/div><div class=\"fusion-aligncenter\"><style type=\"text\/css\">.fusion-button.button-1 {border-radius:2px;}<\/style><a class=\"fusion-button button-flat button-xlarge button-default button-1 fusion-button-default-span fusion-button-default-type fusion-animated\" data-animationtype=\"fadeInDown\" data-animationduration=\"0.5\" data-animationoffset=\"100%\" target=\"_blank\" rel=\"noopener noreferrer\" href=\"https:\/\/krautz.ro\/en\/despre-noi\/\"><span class=\"fusion-button-text\">Despre noi<\/span><\/a><\/div><div class=\"fusion-section-separator section-separator waves-opacity fusion-section-separator-1\"><div class=\"fusion-section-separator-svg\" style=\"font-size:0;line-height:0;margin-left: 0px;margin-right: 0px;\"><svg class=\"fusion-waves-opacity-candy\" fill=\"#ffffff\" xmlns=\"http:\/\/www.w3.org\/2000\/svg\" version=\"1.1\" width=\"100%\" viewbox=\"0 0 1024 216\" preserveaspectratio=\"none\"><path class=\"st0\" d=\"M0 216.068h1024l.1-105.2c-14.6-3.2-30.2-5.8-47.1-7.6-178.6-19.6-279.5 56.8-464.3 41.3-206.5-17.2-248.4-128.8-455-143.8-19-1.3-38.3-.2-57.7.3v215z\"\/>\n\t\t\t\t\t\t\t\t\t\t<path class=\"st1\" d=\"M0 20.068v196.144h1024v-79.744c-22.7-6.4-47.9-11.4-76.2-14.6-178.6-19.8-272.2 53.9-457.1 38.4-206.6-17.2-197.3-124.7-403.9-139.8-27.2-2-56.6-2-86.8-.4z\"\/>\n\t\t\t\t\t\t\t\t\t\t<path class=\"st2\" d=\"M0 216.212h1024v-35.744c-45.1-15.4-95.2-27.7-150-33.7-178.6-19.8-220.6 46.8-405.4 31.3-206.6-17.2-197.8-114.7-404.4-129.7-20.4-1.5-42-2-64.2-1.7v169.544z\"\/>\n\t\t\t\t\t\t\t\t\t\t<path class=\"st3\" d=\"M0 216.312h1024v-3.044c-50.8-17.1-108.7-30.7-172.7-37.9-178.6-19.8-220 36.8-404.9 21.3-206.6-17.2-228-126.5-434.5-141.6-3.9-.3-7.9-.5-11.9-.7v161.944z\"\/>\n\t\t\t\t\t\t\t\t\t<\/svg><\/div><div class=\"fusion-section-separator-spacer\"><div class=\"fusion-section-separator-spacer-height\" style=\"padding-top:21.09375%;\"><\/div><\/div><\/div><div class=\"fusion-clearfix\"><\/div><\/div><\/div><\/div><\/div><div class=\"fusion-fullwidth fullwidth-box fusion-builder-row-2 nonhundred-percent-fullwidth non-hundred-percent-height-scrolling\" style=\"background-color: rgba(255,255,255,0);background-position: left top;background-repeat: no-repeat;padding-top:60px;padding-right:0px;padding-bottom:70px;padding-left:0px;margin-bottom: 0px;margin-top: 0px;border-width: 0px 0px 0px 0px;border-color:#eae9e9;border-style:solid;\" ><div class=\"fusion-builder-row fusion-row\"><div class=\"fusion-layout-column fusion_builder_column fusion-builder-column-1 fusion_builder_column_1_6 1_6 fusion-one-sixth fusion-column-first fusion-no-small-visibility\" style=\"width:16.666666666667%;width:calc(16.666666666667% - ( ( 4% + 4% ) * 0.16666666666667 ) );margin-right: 4%;margin-top:0px;margin-bottom:20px;\"><div class=\"fusion-column-wrapper fusion-flex-column-wrapper-legacy\" style=\"background-position:left top;background-repeat:no-repeat;-webkit-background-size:cover;-moz-background-size:cover;-o-background-size:cover;background-size:cover;padding: 0px 0px 0px 0px;\"><div class=\"fusion-clearfix\"><\/div><\/div><\/div><div class=\"fusion-layout-column fusion_builder_column fusion-builder-column-2 fusion_builder_column_2_3 2_3 fusion-two-third fusion-column-no-min-height\" style=\"width:66.666666666667%;width:calc(66.666666666667% - ( ( 4% + 4% ) * 0.66666666666667 ) );margin-right: 4%;margin-top:0px;margin-bottom:20px;\"><div class=\"fusion-column-wrapper fusion-flex-column-wrapper-legacy\" style=\"background-position:left top;background-repeat:no-repeat;-webkit-background-size:cover;-moz-background-size:cover;-o-background-size:cover;background-size:cover;padding: 0px 0px 20px 0px;\"><style type=\"text\/css\"><\/style><div class=\"fusion-title title fusion-title-2 fusion-title-center fusion-title-text fusion-title-size-two\" style=\"margin-top:0px;margin-bottom:30px;\"><div class=\"title-sep-container title-sep-container-left\"><div class=\"title-sep sep-\" style=\"border-color:#e2e2e2;\"><\/div><\/div><h2 class=\"title-heading-center fusion-responsive-typography-calculated\" style=\"margin:0;--fontSize:48;line-height:1.2;\"><span data-fusion-font=\"true\" data-fusion-google-font=\"Alata\" data-fusion-google-variant=\"400\" style=\"font-family: Alata; font-weight: 400;\">Rapiditate \u0219i disponibilitate \u00een interven\u021biile de tip repara\u021bii \/ mentenan\u021b\u0103<\/span><\/h2><div class=\"title-sep-container title-sep-container-right\"><div class=\"title-sep sep-\" style=\"border-color:#e2e2e2;\"><\/div><\/div><\/div><div class=\"fusion-text fusion-text-2\"><p style=\"text-align: center;\"><span style=\"background-color: rgba(255, 255, 255, 0); color: var(--body_typography-color); font-family: Alata; font-size: var(--body_typography-font-size); font-weight: 400; letter-spacing: var(--body_typography-letter-spacing);\" data-fusion-font=\"true\" data-fusion-google-font=\"Alata\" data-fusion-google-variant=\"400\">Oferim toat\u0103 gama de servicii de afi\u0219aj publicitar pentru retaileri &#8211; construc\u021bia \u0219i instalarea panourilor pentru afi\u0219aj, printarea reclamelor + montarea \u0219i mentenan\u021ba \u00een timp util \u00een toat\u0103 \u021bara.<\/span><\/p>\n<\/div><div class=\"fusion-sep-clear\"><\/div><div class=\"fusion-separator fusion-full-width-sep\" style=\"margin-left: auto;margin-right: auto;margin-top:15px;width:100%;\"><\/div><div class=\"fusion-sep-clear\"><\/div><div class=\"fusion-clearfix\"><\/div><\/div><\/div><div class=\"fusion-layout-column fusion_builder_column fusion-builder-column-3 fusion_builder_column_1_6 1_6 fusion-one-sixth fusion-column-last fusion-no-small-visibility\" style=\"width:16.666666666667%;width:calc(16.666666666667% - ( ( 4% + 4% ) * 0.16666666666667 ) );margin-top:0px;margin-bottom:20px;\"><div class=\"fusion-column-wrapper fusion-flex-column-wrapper-legacy\" style=\"background-position:left top;background-repeat:no-repeat;-webkit-background-size:cover;-moz-background-size:cover;-o-background-size:cover;background-size:cover;padding: 0px 0px 0px 0px;\"><div class=\"fusion-clearfix\"><\/div><\/div><\/div><\/div><\/div><div class=\"fusion-fullwidth fullwidth-box fusion-builder-row-3 hundred-percent-fullwidth non-hundred-percent-height-scrolling fusion-equal-height-columns\" style=\"background-color: rgba(255,255,255,0);background-position: left top;background-repeat: no-repeat;padding-top:0px;padding-right:0px;padding-bottom:0px;padding-left:0px;margin-bottom: 0px;margin-top: 0px;border-width: 0px 0px 0px 0px;border-color:#eae9e9;border-style:solid;\" ><div class=\"fusion-builder-row fusion-row\"><div class=\"fusion-layout-column fusion_builder_column fusion-builder-column-4 fusion_builder_column_1_2 1_2 fusion-one-half fusion-column-first fusion-column-inner-bg-wrapper fusion-animated\" style=\"margin-top:0px;margin-bottom:0px;\" data-animationtype=\"fadeInLeft\" data-animationduration=\"0.5\" data-animationoffset=\"100%\"><div class=\"fusion-column-wrapper fusion-flex-column-wrapper-legacy\" style=\"padding: 0px 0px 0px 0px;\" data-bg-url=\"http:\/\/krautz.ro\/wp-content\/uploads\/2021\/06\/Libraria_Eminescu.jpg\"><div class=\"fusion-clearfix\"><\/div><\/div><span class=\"fusion-column-inner-bg hover-type-zoomin\"><a href=\"https:\/\/bit.ly\/2wVX4yE\"><span class=\"fusion-column-inner-bg-image\" style=\"background-color:#1a1a1a;background-image: url(&#039;http:\/\/krautz.ro\/wp-content\/uploads\/2021\/06\/Libraria_Eminescu.jpg&#039;);background-position:center top;background-repeat:no-repeat;-webkit-background-size:cover;-moz-background-size:cover;-o-background-size:cover;background-size:cover;\"><\/span><\/a><\/span><\/div><div class=\"fusion-layout-column fusion_builder_column fusion-builder-column-5 fusion_builder_column_1_2 1_2 fusion-one-half fusion-column-last\" style=\"margin-top:0px;margin-bottom:0px;\"><div class=\"fusion-column-wrapper fusion-flex-column-wrapper-legacy\" style=\"background-position:left top;background-repeat:no-repeat;-webkit-background-size:cover;-moz-background-size:cover;-o-background-size:cover;background-size:cover;padding: 17% 17% 17% 17%;\"><div class=\"fusion-column-content-centered\"><div class=\"fusion-column-content\"><style type=\"text\/css\"><\/style><div class=\"fusion-title title fusion-title-3 fusion-title-text fusion-title-size-six\" style=\"margin-top:0px;margin-bottom:15px;\"><h6 class=\"title-heading-left fusion-responsive-typography-calculated\" style=\"margin:0;color:#a0ce4e;--fontSize:15;line-height:1.54;\"><span data-fusion-font=\"true\" data-fusion-google-font=\"Alata\" data-fusion-google-variant=\"400\" style=\"font-family: Alata; font-weight: 400;\">Transparen\u021b\u0103 privind procesul de produc\u021bie<\/span> <b><br \/>\n<\/b><\/h6><div class=\"title-sep-container\"><div class=\"title-sep sep-\" style=\"border-color:#e2e2e2;\"><\/div><\/div><\/div><style type=\"text\/css\"><\/style><div class=\"fusion-title title fusion-title-4 fusion-title-text fusion-title-size-two\" style=\"margin-top:0px;margin-bottom:30px;\"><h2 class=\"title-heading-left fusion-responsive-typography-calculated\" style=\"margin:0;--fontSize:48;line-height:1.2;\"><span data-fusion-font=\"true\" data-fusion-google-font=\"Alata\" data-fusion-google-variant=\"400\" style=\"font-family: Alata; font-weight: 400;\">Servicii \u0219i produse<\/span><\/h2><div class=\"title-sep-container\"><div class=\"title-sep sep-\" style=\"border-color:#e2e2e2;\"><\/div><\/div><\/div><div class=\"fusion-text fusion-text-3\"><ul>\n<li><span data-fusion-font=\"true\" data-fusion-google-font=\"Alata\" data-fusion-google-variant=\"400\" style=\"font-family: Alata; font-weight: 400;\">Semnalistic\u0103 interioar\u0103 \u0219i exterioar\u0103<\/span><\/li>\n<li><span data-fusion-font=\"true\" data-fusion-google-font=\"Alata\" data-fusion-google-variant=\"400\" style=\"font-family: Alata; font-weight: 400;\">Totemuri afi\u0219aj<\/span><\/li>\n<li><span data-fusion-font=\"true\" data-fusion-google-font=\"Alata\" data-fusion-google-variant=\"400\" style=\"font-family: Alata; font-weight: 400;\">Panouri publicitare\u2013 Autocolante<\/span><\/li>\n<li><span data-fusion-font=\"true\" data-fusion-google-font=\"Alata\" data-fusion-google-variant=\"400\" style=\"font-family: Alata; font-weight: 400;\">Firme luminoase<\/span><\/li>\n<li><span data-fusion-font=\"true\" data-fusion-google-font=\"Alata\" data-fusion-google-variant=\"400\" style=\"font-family: Alata; font-weight: 400;\">Amenaj\u0103ri interioare<\/span><\/li>\n<li><span data-fusion-font=\"true\" data-fusion-google-font=\"Alata\" data-fusion-google-variant=\"400\" style=\"font-family: Alata; font-weight: 400;\">Indicatoare specifice<\/span><\/li>\n<li><span data-fusion-font=\"true\" data-fusion-google-font=\"Alata\" data-fusion-google-variant=\"400\" style=\"font-family: Alata; font-weight: 400;\">Litere volumetrice<\/span><\/li>\n<li><span data-fusion-font=\"true\" data-fusion-google-font=\"Alata\" data-fusion-google-variant=\"400\" style=\"font-family: Alata; font-weight: 400;\">Casete de dimensiuni mari<\/span><\/li>\n<li><span data-fusion-font=\"true\" data-fusion-google-font=\"Alata\" data-fusion-google-variant=\"400\" style=\"font-family: Alata; font-weight: 400;\">Sigle<\/span><\/li>\n<li><span data-fusion-font=\"true\" data-fusion-google-font=\"Alata\" data-fusion-google-variant=\"400\" style=\"font-family: Alata; font-weight: 400;\">Debit\u0103ri cu jet de ap\u0103<\/span><\/li>\n<li><span data-fusion-font=\"true\" data-fusion-google-font=\"Alata\" data-fusion-google-variant=\"400\" style=\"font-family: Alata; font-weight: 400;\">Cadouri personalizate BRONS {+ logo+hyperlink}<\/span><\/li>\n<\/ul>\n<\/div><\/div><\/div><div class=\"fusion-clearfix\"><\/div><\/div><\/div><\/div><\/div><div class=\"fusion-fullwidth fullwidth-box fusion-builder-row-4 fusion-parallax-none nonhundred-percent-fullwidth non-hundred-percent-height-scrolling\" style=\"background-color: rgba(255,255,255,0);background-image: url(&quot;http:\/\/krautz.ro\/wp-content\/uploads\/2016\/01\/home_next_level_bg.jpg&quot;);background-position: center top;background-repeat: no-repeat;padding-top:100px;padding-right:0px;padding-bottom:40px;padding-left:0px;margin-bottom: 0px;margin-top: 0px;border-width: 0px 0px 0px 0px;border-color:#eae9e9;border-style:solid;-webkit-background-size:cover;-moz-background-size:cover;-o-background-size:cover;background-size:cover;\" ><div class=\"fusion-builder-row fusion-row\"><div class=\"fusion-layout-column fusion_builder_column fusion-builder-column-6 fusion_builder_column_1_1 1_1 fusion-one-full fusion-column-first fusion-column-last fusion-column-no-min-height\" style=\"margin-top:0px;margin-bottom:0px;\"><div class=\"fusion-column-wrapper fusion-flex-column-wrapper-legacy\" style=\"background-position:left top;background-repeat:no-repeat;-webkit-background-size:cover;-moz-background-size:cover;-o-background-size:cover;background-size:cover;padding: 0px 0px 0px 0px;\"><style type=\"text\/css\"><\/style><div class=\"fusion-title title fusion-title-5 fusion-title-center fusion-title-text fusion-title-size-two\" style=\"margin-top:0px;margin-bottom:30px;\"><div class=\"title-sep-container title-sep-container-left\"><div class=\"title-sep sep-\" style=\"border-color:#e2e2e2;\"><\/div><\/div><h2 class=\"title-heading-center fusion-responsive-typography-calculated\" style=\"margin:0;--fontSize:48;line-height:1.2;\"><span data-fusion-font=\"true\" data-fusion-google-font=\"Alata\" data-fusion-google-variant=\"400\" style=\"font-family: Alata; font-weight: 400;\">\u00cen timp, am devenit lideri de pia\u021b\u0103 \u00een produc\u021bie de amenaj\u0103ri interioare \u0219i semnalistic\u0103 pentru exterior<\/span><\/h2><div class=\"title-sep-container title-sep-container-right\"><div class=\"title-sep sep-\" style=\"border-color:#e2e2e2;\"><\/div><\/div><\/div><div class=\"fusion-text fusion-text-4\"><p style=\"text-align: center;\"><span style=\"font-weight: 400; font-family: Alata;\" data-fusion-font=\"true\" data-fusion-google-font=\"Alata\" data-fusion-google-variant=\"400\">Chiar dac\u0103 ne bucur\u0103m de \u00eencrederea unora dintre cele mai puternice branduri de pe pia\u021ba local\u0103, nu refuz\u0103m niciun client, pentru c\u0103 \u0219tim ce important este s\u0103 ai un partener puternic la \u00eenceput de drum. <\/span><\/p>\n<\/div><div class=\"imageframe-align-center\"><span class=\"fusion-imageframe imageframe-none imageframe-1 hover-type-none fusion-animated\" data-animationtype=\"fadeInUp\" data-animationduration=\"0.8\" data-animationoffset=\"100%\"><a class=\"fusion-no-lightbox\" href=\"https:\/\/bit.ly\/2wVX4yE\" target=\"_blank\" aria-label=\"krautz1\" rel=\"noopener noreferrer\"><img width=\"2048\" height=\"1363\" src=\"http:\/\/krautz.ro\/wp-content\/uploads\/2021\/05\/krautz1.jpg\" class=\"img-responsive wp-image-3383\" srcset=\"https:\/\/krautz.ro\/wp-content\/uploads\/2021\/05\/krautz1-200x133.jpg 200w, https:\/\/krautz.ro\/wp-content\/uploads\/2021\/05\/krautz1-400x266.jpg 400w, https:\/\/krautz.ro\/wp-content\/uploads\/2021\/05\/krautz1-600x399.jpg 600w, https:\/\/krautz.ro\/wp-content\/uploads\/2021\/05\/krautz1-800x532.jpg 800w, https:\/\/krautz.ro\/wp-content\/uploads\/2021\/05\/krautz1-1200x799.jpg 1200w, https:\/\/krautz.ro\/wp-content\/uploads\/2021\/05\/krautz1.jpg 2048w\" sizes=\"(max-width: 800px) 100vw, 1200px\" \/><\/a><\/span><\/div><div class=\"fusion-clearfix\"><\/div><\/div><\/div><\/div><\/div><\/p>","protected":false},"excerpt":{"rendered":"","protected":false},"author":1,"featured_media":0,"parent":0,"menu_order":0,"comment_status":"closed","ping_status":"closed","template":"100-width.php","meta":[],"_links":{"self":[{"href":"https:\/\/krautz.ro\/en\/wp-json\/wp\/v2\/pages\/18"}],"collection":[{"href":"https:\/\/krautz.ro\/en\/wp-json\/wp\/v2\/pages"}],"about":[{"href":"https:\/\/krautz.ro\/en\/wp-json\/wp\/v2\/types\/page"}],"author":[{"embeddable":true,"href":"https:\/\/krautz.ro\/en\/wp-json\/wp\/v2\/users\/1"}],"replies":[{"embeddable":true,"href":"https:\/\/krautz.ro\/en\/wp-json\/wp\/v2\/comments?post=18"}],"version-history":[{"count":21,"href":"https:\/\/krautz.ro\/en\/wp-json\/wp\/v2\/pages\/18\/revisions"}],"predecessor-version":[{"id":3444,"href":"https:\/\/krautz.ro\/en\/wp-json\/wp\/v2\/pages\/18\/revisions\/3444"}],"wp:attachment":[{"href":"https:\/\/krautz.ro\/en\/wp-json\/wp\/v2\/media?parent=18"}],"curies":[{"name":"wp","href":"https:\/\/api.w.org\/{rel}","templated":true}]}}