{"id":1706,"date":"2016-02-24T05:23:09","date_gmt":"2016-02-24T05:23:09","guid":{"rendered":"https:\/\/avada.theme-fusion.com\/classic\/?page_id=1706"},"modified":"2021-06-28T04:52:41","modified_gmt":"2021-06-28T04:52:41","slug":"despre-noi","status":"publish","type":"page","link":"https:\/\/krautz.ro\/en\/despre-noi\/","title":{"rendered":"About us"},"content":{"rendered":"<p><div class=\"fusion-fullwidth fullwidth-box fusion-builder-row-1 nonhundred-percent-fullwidth non-hundred-percent-height-scrolling\" style=\"background-color: rgba(255,255,255,0);background-position: center center;background-repeat: no-repeat;padding-top:40px;padding-right:0px;padding-bottom:60px;padding-left:0px;margin-bottom: 0px;margin-top: 0px;border-width: 0px 0px 0px 0px;border-color:#eae9e9;border-style:solid;\" ><div class=\"fusion-builder-row fusion-row\"><div class=\"fusion-layout-column fusion_builder_column fusion-builder-column-0 fusion_builder_column_1_2 1_2 fusion-one-half fusion-column-first\" style=\"width:48%; margin-right: 4%;margin-top:0px;margin-bottom:20px;\"><div class=\"fusion-column-wrapper fusion-flex-column-wrapper-legacy\" style=\"background-position:left top;background-repeat:no-repeat;-webkit-background-size:cover;-moz-background-size:cover;-o-background-size:cover;background-size:cover;padding: 0px 0px 0px 0px;\"><style type=\"text\/css\"><\/style><div class=\"fusion-title title fusion-title-1 fusion-title-text fusion-title-size-two\" style=\"margin-top:0px;margin-bottom:30px;\"><h2 class=\"title-heading-left fusion-responsive-typography-calculated\" style=\"margin:0;--fontSize:48;line-height:1.2;\"><div><\/div>\n<div><span style=\"color: var(--h2_typography-color); font-family: var(--h2_typography-font-family); font-size: var(--h2_typography-font-size); font-style: var(--h2_typography-font-style,normal); font-weight: var(--h2_typography-font-weight); letter-spacing: var(--h2_typography-letter-spacing); background-color: rgba(255, 255, 255, 0);\">Te po\u021bi baza pe noi \u00een orice condi\u021bii.<\/span><\/div><\/h2><div class=\"title-sep-container\"><div class=\"title-sep sep-\" style=\"border-color:#e2e2e2;\"><\/div><\/div><\/div><div class=\"fusion-clearfix\"><\/div><\/div><\/div><div class=\"fusion-layout-column fusion_builder_column fusion-builder-column-1 fusion_builder_column_1_2 1_2 fusion-one-half fusion-column-last\" style=\"width:48%;margin-top:0px;margin-bottom:20px;\"><div class=\"fusion-column-wrapper fusion-flex-column-wrapper-legacy\" style=\"background-position:left top;background-repeat:no-repeat;-webkit-background-size:cover;-moz-background-size:cover;-o-background-size:cover;background-size:cover;padding: 0px 0px 0px 0px;\"><div class=\"fusion-text fusion-text-1\"><p>Suntem o familie de arhitec\u021bi cu experien\u021b\u0103 de peste XX ani \u00een proiectare \u0219i produc\u021bie de solu\u021bii tehnice customizabile pe baz\u0103 de proiect din Rom\u00e2nia. <\/p>\n<p>Am construit o echip\u0103 de oameni dedica\u021bi acelora\u0219i valori care ne-au c\u0103l\u0103uzit \u00eenc\u0103 de la \u00eenceput &#8211; aten\u021bia la detalii, profesionalismul \u0219i dedicarea. <\/p>\n<p>Pentru c\u0103 suntem arhitec\u021bi de profesie, \u00een\u021belegem importan\u021ba vital\u0103 a proiectului arhitectural, care dicteaz\u0103 produsul final \u0219i ansamblul \u0219i nu suntem adep\u021bii solu\u021biilor de compromis.  <\/p>\n<p>\u00cen timp, am devenit lideri de pia\u021b\u0103 \u00een produc\u021bie de amenaj\u0103ri interioare \u0219i semnalistic\u0103 pentru exterior <\/p>\n<\/div><div class=\"fusion-clearfix\"><\/div><\/div><\/div><\/div><\/div><div class=\"fusion-fullwidth fullwidth-box fusion-builder-row-2 nonhundred-percent-fullwidth non-hundred-percent-height-scrolling\" style=\"background-color: #a0ce4e;background-position: center center;background-repeat: no-repeat;padding-top:90px;padding-right:0px;padding-bottom:57px;padding-left:0px;margin-bottom: 0px;margin-top: 0px;border-width: 0px 0px 0px 0px;border-color:#eae9e9;border-style:solid;\" ><div class=\"fusion-builder-row fusion-row\"><div class=\"fusion-layout-column fusion_builder_column fusion-builder-column-2 fusion_builder_column_1_3 1_3 fusion-one-third fusion-column-first\" style=\"width:33.333333333333%;width:calc(33.333333333333% - ( ( 20px + 20px ) * 0.33333333333333 ) );margin-right: 20px;margin-top:0px;margin-bottom:40px;\"><div class=\"fusion-column-wrapper fusion-column-has-shadow fusion-flex-column-wrapper-legacy\" style=\"background-position:left top;background-repeat:no-repeat;-webkit-background-size:cover;-moz-background-size:cover;-o-background-size:cover;background-size:cover;background-color:#ffffff;border-width: 0 0 4px 0;border-color:#588e36;border-style:solid;box-shadow:0px 20px 21px -13px #588e36;;padding: 60px 20px 50px 20px;\"><div class=\"fusion-fa-align-center\"><i class=\"fb-icon-element-1 fb-icon-element fontawesome-icon fa-thumbs-up far circle-no\" style=\"font-size:110px;\"><\/i><\/div><style>i.fb-icon-element.fontawesome-icon.fb-icon-element-1{ color: #a0ce4e;}i.fb-icon-element.fontawesome-icon.fb-icon-element-1:hover { color: #a0ce4e;}<\/style><div class=\"fusion-text fusion-text-2\"><p style=\"text-align: center; font-size: 16px; letter-spacing: 3px; margin-bottom: 0px; margin-top: 40px;\">SUNTEM SERIO\u0218I<\/p>\n<\/div><style type=\"text\/css\"><\/style><div class=\"fusion-title title fusion-title-2 fusion-title-center fusion-title-text fusion-title-size-three\" style=\"margin-top:0px;margin-bottom:0px;\"><div class=\"title-sep-container title-sep-container-left\"><div class=\"title-sep sep-\" style=\"border-color:#e2e2e2;\"><\/div><\/div><h3 class=\"title-heading-center fusion-responsive-typography-calculated\" style=\"margin:0;--fontSize:28;line-height:1.6;\">Responsabilitate<\/h3><div class=\"title-sep-container title-sep-container-right\"><div class=\"title-sep sep-\" style=\"border-color:#e2e2e2;\"><\/div><\/div><\/div><div class=\"fusion-clearfix\"><\/div><\/div><\/div><div class=\"fusion-layout-column fusion_builder_column fusion-builder-column-3 fusion_builder_column_1_3 1_3 fusion-one-third\" style=\"width:33.333333333333%;width:calc(33.333333333333% - ( ( 20px + 20px ) * 0.33333333333333 ) );margin-right: 20px;margin-top:0px;margin-bottom:40px;\"><div class=\"fusion-column-wrapper fusion-column-has-shadow fusion-flex-column-wrapper-legacy\" style=\"background-position:left top;background-repeat:no-repeat;-webkit-background-size:cover;-moz-background-size:cover;-o-background-size:cover;background-size:cover;background-color:#ffffff;border-width: 0 0 4px 0;border-color:#588e36;border-style:solid;box-shadow:0px 20px 21px -13px #588e36;;padding: 60px 20px 50px 20px;\"><div class=\"fusion-fa-align-center\"><i class=\"fb-icon-element-2 fb-icon-element fontawesome-icon fa-lightbulb far circle-no\" style=\"font-size:110px;\"><\/i><\/div><style>i.fb-icon-element.fontawesome-icon.fb-icon-element-2{ color: #a0ce4e;}i.fb-icon-element.fontawesome-icon.fb-icon-element-2:hover { color: #a0ce4e;}<\/style><div class=\"fusion-text fusion-text-3\"><p style=\"text-align: center; font-size: 16px; letter-spacing: 3px; margin-bottom: 0px; margin-top: 40px;\">SUNTEM PASIONA\u021aI<\/p>\n<\/div><style type=\"text\/css\"><\/style><div class=\"fusion-title title fusion-title-3 fusion-title-center fusion-title-text fusion-title-size-three\" style=\"margin-top:0px;margin-bottom:0px;\"><div class=\"title-sep-container title-sep-container-left\"><div class=\"title-sep sep-\" style=\"border-color:#e2e2e2;\"><\/div><\/div><h3 class=\"title-heading-center fusion-responsive-typography-calculated\" style=\"margin:0;--fontSize:28;line-height:1.6;\">Creativitate<\/h3><div class=\"title-sep-container title-sep-container-right\"><div class=\"title-sep sep-\" style=\"border-color:#e2e2e2;\"><\/div><\/div><\/div><div class=\"fusion-clearfix\"><\/div><\/div><\/div><div class=\"fusion-layout-column fusion_builder_column fusion-builder-column-4 fusion_builder_column_1_3 1_3 fusion-one-third fusion-column-last\" style=\"width:33.333333333333%;width:calc(33.333333333333% - ( ( 20px + 20px ) * 0.33333333333333 ) );margin-top:0px;margin-bottom:20px;\"><div class=\"fusion-column-wrapper fusion-column-has-shadow fusion-flex-column-wrapper-legacy\" style=\"background-position:left top;background-repeat:no-repeat;-webkit-background-size:cover;-moz-background-size:cover;-o-background-size:cover;background-size:cover;background-color:#ffffff;border-width: 0 0 4px 0;border-color:#588e36;border-style:solid;box-shadow:0px 21px 21px -13px #588e36;;padding: 60px 20px 50px 20px;\"><div class=\"fusion-fa-align-center\"><i class=\"fb-icon-element-3 fb-icon-element fontawesome-icon fa-eye far circle-no\" style=\"font-size:110px;\"><\/i><\/div><style>i.fb-icon-element.fontawesome-icon.fb-icon-element-3{ color: #a0ce4e;}i.fb-icon-element.fontawesome-icon.fb-icon-element-3:hover { color: #a0ce4e;}<\/style><div class=\"fusion-text fusion-text-4\"><p style=\"text-align: center; font-size: 16px; letter-spacing: 3px; margin-bottom: 0px; margin-top: 40px;\">SUNTEM DETERMINA\u021aI<\/p>\n<\/div><style type=\"text\/css\"><\/style><div class=\"fusion-title title fusion-title-4 fusion-title-center fusion-title-text fusion-title-size-three\" style=\"margin-top:0px;margin-bottom:0px;\"><div class=\"title-sep-container title-sep-container-left\"><div class=\"title-sep sep-\" style=\"border-color:#e2e2e2;\"><\/div><\/div><h3 class=\"title-heading-center fusion-responsive-typography-calculated\" style=\"margin:0;--fontSize:28;line-height:1.6;\">Calitate<\/h3><div class=\"title-sep-container title-sep-container-right\"><div class=\"title-sep sep-\" style=\"border-color:#e2e2e2;\"><\/div><\/div><\/div><div class=\"fusion-clearfix\"><\/div><\/div><\/div><\/div><\/div><div class=\"fusion-fullwidth fullwidth-box fusion-builder-row-3 nonhundred-percent-fullwidth non-hundred-percent-height-scrolling\" style=\"background-color: #f6f6f6;background-position: center top;background-repeat: no-repeat;padding-top:70px;padding-right:0px;padding-bottom:30px;padding-left:0px;margin-bottom: 0px;margin-top: 0px;border-width: 0px 0px 0px 0px;border-color:#eae9e9;border-style:solid;\" ><div class=\"fusion-builder-row fusion-row\"><div class=\"fusion-layout-column fusion_builder_column fusion-builder-column-5 fusion_builder_column_1_1 1_1 fusion-one-full fusion-column-first fusion-column-last fusion-column-no-min-height\" style=\"margin-top:0px;margin-bottom:0px;\"><div class=\"fusion-column-wrapper fusion-flex-column-wrapper-legacy\" style=\"background-position:left top;background-repeat:no-repeat;-webkit-background-size:cover;-moz-background-size:cover;-o-background-size:cover;background-size:cover;padding: 0px 0px 0px 0px;\"><style type=\"text\/css\"><\/style><div class=\"fusion-title title fusion-title-5 fusion-title-center fusion-title-text fusion-title-size-three\" style=\"margin-top:0px;margin-bottom:20px;\"><div class=\"title-sep-container title-sep-container-left\"><div class=\"title-sep sep-\" style=\"border-color:#e2e2e2;\"><\/div><\/div><h3 class=\"title-heading-center fusion-responsive-typography-calculated\" style=\"margin:0;--fontSize:28;line-height:1.6;\">Cu cine am lucrat<\/h3><div class=\"title-sep-container title-sep-container-right\"><div class=\"title-sep sep-\" style=\"border-color:#e2e2e2;\"><\/div><\/div><\/div><div class=\"fusion-image-carousel fusion-image-carousel-auto\"><div class=\"fusion-carousel\" data-autoplay=\"yes\" data-columns=\"5\" data-itemmargin=\"40\" data-itemwidth=\"180\" data-touchscroll=\"yes\" data-imagesize=\"auto\" data-scrollitems=\"1\"><div class=\"fusion-carousel-positioner\"><ul class=\"fusion-carousel-holder\"><li class=\"fusion-carousel-item\"><div class=\"fusion-carousel-item-wrapper\"><div class=\"fusion-image-wrapper hover-type-zoomin\"><img width=\"2500\" height=\"694\" src=\"https:\/\/krautz.ro\/wp-content\/uploads\/2021\/06\/2500px-PepsiCo_logo.svg.png\" class=\"attachment-full size-full\" alt=\"Avada App Demo\" srcset=\"https:\/\/krautz.ro\/wp-content\/uploads\/2021\/06\/2500px-PepsiCo_logo.svg-200x56.png 200w, https:\/\/krautz.ro\/wp-content\/uploads\/2021\/06\/2500px-PepsiCo_logo.svg-400x111.png 400w, https:\/\/krautz.ro\/wp-content\/uploads\/2021\/06\/2500px-PepsiCo_logo.svg-600x167.png 600w, https:\/\/krautz.ro\/wp-content\/uploads\/2021\/06\/2500px-PepsiCo_logo.svg-800x222.png 800w, https:\/\/krautz.ro\/wp-content\/uploads\/2021\/06\/2500px-PepsiCo_logo.svg-1200x333.png 1200w, https:\/\/krautz.ro\/wp-content\/uploads\/2021\/06\/2500px-PepsiCo_logo.svg.png 2500w\" sizes=\"(min-width: 2200px) 100vw, (min-width: 1007px) 202px, (min-width: 915px) 253px, (min-width: 824px) 337px, (min-width: 732px) 505px, (min-width: 640px) 732px, \" \/><\/div><\/div><\/li><li class=\"fusion-carousel-item\"><div class=\"fusion-carousel-item-wrapper\"><div class=\"fusion-image-wrapper hover-type-zoomin\"><img width=\"1200\" height=\"1200\" src=\"https:\/\/krautz.ro\/wp-content\/uploads\/2021\/06\/Kaufland_Logo.svg.png\" class=\"attachment-full size-full\" alt=\"Avada Modern Shop Demo\" srcset=\"https:\/\/krautz.ro\/wp-content\/uploads\/2021\/06\/Kaufland_Logo.svg-200x200.png 200w, https:\/\/krautz.ro\/wp-content\/uploads\/2021\/06\/Kaufland_Logo.svg-400x400.png 400w, https:\/\/krautz.ro\/wp-content\/uploads\/2021\/06\/Kaufland_Logo.svg-600x600.png 600w, https:\/\/krautz.ro\/wp-content\/uploads\/2021\/06\/Kaufland_Logo.svg-800x800.png 800w, https:\/\/krautz.ro\/wp-content\/uploads\/2021\/06\/Kaufland_Logo.svg.png 1200w\" sizes=\"(min-width: 2200px) 100vw, (min-width: 1007px) 202px, (min-width: 915px) 253px, (min-width: 824px) 337px, (min-width: 732px) 505px, (min-width: 640px) 732px, \" \/><\/div><\/div><\/li><li class=\"fusion-carousel-item\"><div class=\"fusion-carousel-item-wrapper\"><div class=\"fusion-image-wrapper hover-type-zoomin\"><img width=\"5000\" height=\"1362\" src=\"https:\/\/krautz.ro\/wp-content\/uploads\/2021\/06\/Groupama_logo_green.png\" class=\"attachment-full size-full\" alt=\"Avada Lifestyle Demo\" srcset=\"https:\/\/krautz.ro\/wp-content\/uploads\/2021\/06\/Groupama_logo_green-200x54.png 200w, https:\/\/krautz.ro\/wp-content\/uploads\/2021\/06\/Groupama_logo_green-400x109.png 400w, https:\/\/krautz.ro\/wp-content\/uploads\/2021\/06\/Groupama_logo_green-600x163.png 600w, https:\/\/krautz.ro\/wp-content\/uploads\/2021\/06\/Groupama_logo_green-800x218.png 800w, https:\/\/krautz.ro\/wp-content\/uploads\/2021\/06\/Groupama_logo_green-1200x327.png 1200w, https:\/\/krautz.ro\/wp-content\/uploads\/2021\/06\/Groupama_logo_green.png 5000w\" sizes=\"(min-width: 2200px) 100vw, (min-width: 1007px) 202px, (min-width: 915px) 253px, (min-width: 824px) 337px, (min-width: 732px) 505px, (min-width: 640px) 732px, \" \/><\/div><\/div><\/li><li class=\"fusion-carousel-item\"><div class=\"fusion-carousel-item-wrapper\"><div class=\"fusion-image-wrapper hover-type-zoomin\"><img width=\"620\" height=\"200\" src=\"https:\/\/krautz.ro\/wp-content\/uploads\/2021\/06\/BT_logo_nou.jpg\" class=\"attachment-full size-full\" alt=\"Avada Cafe Demo\" srcset=\"https:\/\/krautz.ro\/wp-content\/uploads\/2021\/06\/BT_logo_nou-200x65.jpg 200w, https:\/\/krautz.ro\/wp-content\/uploads\/2021\/06\/BT_logo_nou-400x129.jpg 400w, https:\/\/krautz.ro\/wp-content\/uploads\/2021\/06\/BT_logo_nou-600x194.jpg 600w, https:\/\/krautz.ro\/wp-content\/uploads\/2021\/06\/BT_logo_nou.jpg 620w\" sizes=\"(min-width: 2200px) 100vw, (min-width: 1007px) 202px, (min-width: 915px) 253px, (min-width: 824px) 337px, (min-width: 732px) 505px, (min-width: 640px) 732px, \" \/><\/div><\/div><\/li><li class=\"fusion-carousel-item\"><div class=\"fusion-carousel-item-wrapper\"><div class=\"fusion-image-wrapper hover-type-zoomin\"><img width=\"600\" height=\"600\" src=\"https:\/\/krautz.ro\/wp-content\/uploads\/2021\/06\/mobexpert.jpg\" class=\"attachment-full size-full\" alt=\"Avada Classic Shop\" srcset=\"https:\/\/krautz.ro\/wp-content\/uploads\/2021\/06\/mobexpert-200x200.jpg 200w, https:\/\/krautz.ro\/wp-content\/uploads\/2021\/06\/mobexpert-400x400.jpg 400w, https:\/\/krautz.ro\/wp-content\/uploads\/2021\/06\/mobexpert.jpg 600w\" sizes=\"(min-width: 2200px) 100vw, (min-width: 1007px) 202px, (min-width: 915px) 253px, (min-width: 824px) 337px, (min-width: 732px) 505px, (min-width: 640px) 732px, \" \/><\/div><\/div><\/li><li class=\"fusion-carousel-item\"><div class=\"fusion-carousel-item-wrapper\"><div class=\"fusion-image-wrapper hover-type-zoomin\"><img width=\"1280\" height=\"1280\" src=\"https:\/\/krautz.ro\/wp-content\/uploads\/2021\/06\/penny-market-logo.png\" class=\"attachment-full size-full\" alt=\"Avada Landing Product Demo\" srcset=\"https:\/\/krautz.ro\/wp-content\/uploads\/2021\/06\/penny-market-logo-200x200.png 200w, https:\/\/krautz.ro\/wp-content\/uploads\/2021\/06\/penny-market-logo-400x400.png 400w, https:\/\/krautz.ro\/wp-content\/uploads\/2021\/06\/penny-market-logo-600x600.png 600w, https:\/\/krautz.ro\/wp-content\/uploads\/2021\/06\/penny-market-logo-800x800.png 800w, https:\/\/krautz.ro\/wp-content\/uploads\/2021\/06\/penny-market-logo-1200x1200.png 1200w, https:\/\/krautz.ro\/wp-content\/uploads\/2021\/06\/penny-market-logo.png 1280w\" sizes=\"(min-width: 2200px) 100vw, (min-width: 1007px) 202px, (min-width: 915px) 253px, (min-width: 824px) 337px, (min-width: 732px) 505px, (min-width: 640px) 732px, \" \/><\/div><\/div><\/li><li class=\"fusion-carousel-item\"><div class=\"fusion-carousel-item-wrapper\"><div class=\"fusion-image-wrapper hover-type-zoomin\"><img width=\"1200\" height=\"630\" src=\"https:\/\/krautz.ro\/wp-content\/uploads\/2021\/06\/Teds_logo_image.jpg\" class=\"attachment-full size-full\" alt=\"\" srcset=\"https:\/\/krautz.ro\/wp-content\/uploads\/2021\/06\/Teds_logo_image-200x105.jpg 200w, https:\/\/krautz.ro\/wp-content\/uploads\/2021\/06\/Teds_logo_image-400x210.jpg 400w, https:\/\/krautz.ro\/wp-content\/uploads\/2021\/06\/Teds_logo_image-600x315.jpg 600w, https:\/\/krautz.ro\/wp-content\/uploads\/2021\/06\/Teds_logo_image-800x420.jpg 800w, https:\/\/krautz.ro\/wp-content\/uploads\/2021\/06\/Teds_logo_image.jpg 1200w\" sizes=\"(min-width: 2200px) 100vw, (min-width: 1007px) 202px, (min-width: 915px) 253px, (min-width: 824px) 337px, (min-width: 732px) 505px, (min-width: 640px) 732px, \" \/><\/div><\/div><\/li><\/ul><\/div><\/div><\/div><div class=\"fusion-clearfix\"><\/div><\/div><\/div><\/div><\/div><div class=\"fusion-fullwidth fullwidth-box fusion-builder-row-4 fusion-parallax-none nonhundred-percent-fullwidth non-hundred-percent-height-scrolling\" style=\"background-color: #1a1a1a;background-image: url(&quot;http:\/\/krautz.ro\/wp-content\/uploads\/2016\/02\/about_us_fun_facts_bg-1.jpg&quot;);background-position: center top;background-repeat: no-repeat;padding-top:100px;padding-right:0px;padding-bottom:90px;padding-left:0px;margin-bottom: 0px;margin-top: 0px;border-width: 0px 0px 0px 0px;border-color:#eae9e9;border-style:solid;-webkit-background-size:cover;-moz-background-size:cover;-o-background-size:cover;background-size:cover;\" ><div class=\"fusion-builder-row fusion-row\"><div class=\"fusion-layout-column fusion_builder_column fusion-builder-column-6 fusion_builder_column_1_1 1_1 fusion-one-full fusion-column-first fusion-column-last fusion-column-no-min-height\" style=\"margin-top:0px;margin-bottom:0px;\"><div class=\"fusion-column-wrapper fusion-flex-column-wrapper-legacy\" style=\"background-position:left top;background-repeat:no-repeat;-webkit-background-size:cover;-moz-background-size:cover;-o-background-size:cover;background-size:cover;padding: 0px 0px 0px 0px;\"><div class=\"fusion-counters-box counters-box row fusion-clearfix fusion-columns-4\"><div class=\"fusion-counter-box fusion-column col-counter-box counter-box-wrapper col-lg-3 col-md-3 col-sm-3 fusion-counter-box-icon-top\" data-animationoffset=\"100%\"><div class=\"counter-box-container\" style=\"border: 1px solid transparent;\"><div class=\"content-box-percentage content-box-counter\" style=\"color:#ffffff;font-size:72px;line-height:normal;\"><i class=\"counter-box-icon fontawesome-icon fa-calendar fas\" style=\"font-size:50px;\" aria-hidden=\"true\"><\/i><span class=\"display-counter\" data-value=\"6\" data-direction=\"up\" data-decimals=\"0\">0<\/span><\/div><div class=\"counter-box-content\" style=\"color:#ffffff;font-size:20px;\">Ani<\/div><\/div><\/div><div class=\"fusion-counter-box fusion-column col-counter-box counter-box-wrapper col-lg-3 col-md-3 col-sm-3 fusion-counter-box-icon-top\" data-animationoffset=\"100%\"><div class=\"counter-box-container\" style=\"border: 1px solid transparent;\"><div class=\"content-box-percentage content-box-counter\" style=\"color:#ffffff;font-size:72px;line-height:normal;\"><i class=\"counter-box-icon fontawesome-icon fa-th-large fas\" style=\"font-size:50px;\" aria-hidden=\"true\"><\/i><span class=\"display-counter\" data-value=\"50\" data-direction=\"up\" data-decimals=\"0\">0<\/span><span class=\"unit\">+<\/span><\/div><div class=\"counter-box-content\" style=\"color:#ffffff;font-size:20px;\">Membrii \u00een echip\u0103<\/div><\/div><\/div><div class=\"fusion-counter-box fusion-column col-counter-box counter-box-wrapper col-lg-3 col-md-3 col-sm-3 fusion-counter-box-icon-top\" data-animationoffset=\"100%\"><div class=\"counter-box-container\" style=\"border: 1px solid transparent;\"><div class=\"content-box-percentage content-box-counter\" style=\"color:#ffffff;font-size:72px;line-height:normal;\"><i class=\"counter-box-icon fontawesome-icon fa-flag fas\" style=\"font-size:50px;\" aria-hidden=\"true\"><\/i><span class=\"display-counter\" data-value=\"48\" data-direction=\"up\" data-decimals=\"0\">0<\/span><\/div><div class=\"counter-box-content\" style=\"color:#ffffff;font-size:20px;\">\u021a\u0103ri<\/div><\/div><\/div><div class=\"fusion-counter-box fusion-column col-counter-box counter-box-wrapper col-lg-3 col-md-3 col-sm-3 fusion-counter-box-icon-top\" data-animationoffset=\"100%\"><div class=\"counter-box-container\" style=\"border: 1px solid transparent;\"><div class=\"content-box-percentage content-box-counter\" style=\"color:#ffffff;font-size:72px;line-height:normal;\"><i class=\"counter-box-icon fontawesome-icon fa-user fas\" style=\"font-size:50px;\" aria-hidden=\"true\"><\/i><span class=\"display-counter\" data-value=\"240\" data-direction=\"up\" data-decimals=\"0\">0<\/span><span class=\"unit\">k<\/span><\/div><div class=\"counter-box-content\" style=\"color:#ffffff;font-size:20px;\">Clien\u021bi mul\u021bumi\u021bi<\/div><\/div><\/div><\/div><div class=\"clearfix\"><\/div><div class=\"fusion-clearfix\"><\/div><\/div><\/div><\/div><\/div><\/p>","protected":false},"excerpt":{"rendered":"","protected":false},"author":1,"featured_media":0,"parent":0,"menu_order":0,"comment_status":"closed","ping_status":"closed","template":"100-width.php","meta":[],"_links":{"self":[{"href":"https:\/\/krautz.ro\/en\/wp-json\/wp\/v2\/pages\/1706"}],"collection":[{"href":"https:\/\/krautz.ro\/en\/wp-json\/wp\/v2\/pages"}],"about":[{"href":"https:\/\/krautz.ro\/en\/wp-json\/wp\/v2\/types\/page"}],"author":[{"embeddable":true,"href":"https:\/\/krautz.ro\/en\/wp-json\/wp\/v2\/users\/1"}],"replies":[{"embeddable":true,"href":"https:\/\/krautz.ro\/en\/wp-json\/wp\/v2\/comments?post=1706"}],"version-history":[{"count":6,"href":"https:\/\/krautz.ro\/en\/wp-json\/wp\/v2\/pages\/1706\/revisions"}],"predecessor-version":[{"id":3436,"href":"https:\/\/krautz.ro\/en\/wp-json\/wp\/v2\/pages\/1706\/revisions\/3436"}],"wp:attachment":[{"href":"https:\/\/krautz.ro\/en\/wp-json\/wp\/v2\/media?parent=1706"}],"curies":[{"name":"wp","href":"https:\/\/api.w.org\/{rel}","templated":true}]}}